{"id":874,"date":"2023-02-28T22:57:54","date_gmt":"2023-02-28T21:57:54","guid":{"rendered":"http:\/\/wordpress2386094.home.pl\/parafiakaliska\/?page_id=874"},"modified":"2023-10-03T22:44:25","modified_gmt":"2023-10-03T20:44:25","slug":"historia-parafi","status":"publish","type":"page","link":"https:\/\/parafiakaliska.pl\/index.php\/historia-parafi\/","title":{"rendered":"Historia Parafii"},"content":{"rendered":"\t\t<div data-elementor-type=\"wp-post\" data-elementor-id=\"874\" class=\"elementor elementor-874\">\n\t\t\t\t\t\t<section class=\"elementor-section elementor-top-section elementor-element elementor-element-7ac9ca5 elementor-section-boxed elementor-section-height-default elementor-section-height-default\" data-id=\"7ac9ca5\" data-element_type=\"section\" data-settings=\"{&quot;background_background&quot;:&quot;classic&quot;}\">\n\t\t\t\t\t\t\t<div class=\"elementor-background-overlay\"><\/div>\n\t\t\t\t\t\t\t<div class=\"elementor-container elementor-column-gap-default\">\n\t\t\t\t\t<div class=\"elementor-column elementor-col-100 elementor-top-column elementor-element elementor-element-90988fe\" data-id=\"90988fe\" data-element_type=\"column\">\n\t\t\t<div class=\"elementor-widget-wrap\">\n\t\t\t\t\t\t\t<\/div>\n\t\t<\/div>\n\t\t\t\t\t<\/div>\n\t\t<\/section>\n\t\t\t\t<section class=\"elementor-section elementor-top-section elementor-element elementor-element-240eabe7 elementor-section-boxed elementor-section-height-default elementor-section-height-default\" data-id=\"240eabe7\" data-element_type=\"section\">\n\t\t\t\t\t\t<div class=\"elementor-container elementor-column-gap-default\">\n\t\t\t\t\t<div class=\"elementor-column elementor-col-100 elementor-top-column elementor-element elementor-element-662cd569\" data-id=\"662cd569\" data-element_type=\"column\">\n\t\t\t<div class=\"elementor-widget-wrap elementor-element-populated\">\n\t\t\t\t\t\t<div class=\"elementor-element elementor-element-72a6b1ea elementor-widget-divider--view-line_icon elementor-hidden-mobile elementor-view-default elementor-widget-divider--element-align-center elementor-widget elementor-widget-divider\" data-id=\"72a6b1ea\" data-element_type=\"widget\" data-widget_type=\"divider.default\">\n\t\t\t\t<div class=\"elementor-widget-container\">\n\t\t\t\t\t\t\t<div class=\"elementor-divider\">\n\t\t\t<span class=\"elementor-divider-separator\">\n\t\t\t\t\t\t\t<div class=\"elementor-icon elementor-divider__element\">\n\t\t\t\t\t<i aria-hidden=\"true\" class=\"fas fa-cross\"><\/i><\/div>\n\t\t\t\t\t\t<\/span>\n\t\t<\/div>\n\t\t\t\t\t\t<\/div>\n\t\t\t\t<\/div>\n\t\t\t\t\t<\/div>\n\t\t<\/div>\n\t\t\t\t\t<\/div>\n\t\t<\/section>\n\t\t\t\t<section class=\"elementor-section elementor-top-section elementor-element elementor-element-29a2efcc elementor-section-boxed elementor-section-height-default elementor-section-height-default\" data-id=\"29a2efcc\" data-element_type=\"section\" id=\"xs_cta_style_16\">\n\t\t\t\t\t\t<div class=\"elementor-container elementor-column-gap-default\">\n\t\t\t\t\t<div class=\"elementor-column elementor-col-100 elementor-top-column elementor-element elementor-element-213a0b7a\" data-id=\"213a0b7a\" data-element_type=\"column\">\n\t\t\t<div class=\"elementor-widget-wrap elementor-element-populated\">\n\t\t\t\t\t\t<div class=\"elementor-element elementor-element-d075ae4 elementor-widget elementor-widget-heading\" data-id=\"d075ae4\" data-element_type=\"widget\" data-widget_type=\"heading.default\">\n\t\t\t\t<div class=\"elementor-widget-container\">\n\t\t\t\t\t<h3 class=\"elementor-heading-title elementor-size-default\">Historia Parafii<\/h3>\t\t\t\t<\/div>\n\t\t\t\t<\/div>\n\t\t\t\t<section class=\"elementor-section elementor-inner-section elementor-element elementor-element-2a78e59d elementor-section-full_width elementor-section-height-default elementor-section-height-default\" data-id=\"2a78e59d\" data-element_type=\"section\">\n\t\t\t\t\t\t<div class=\"elementor-container elementor-column-gap-default\">\n\t\t\t\t\t<div class=\"elementor-column elementor-col-100 elementor-inner-column elementor-element elementor-element-2731f015\" data-id=\"2731f015\" data-element_type=\"column\">\n\t\t\t<div class=\"elementor-widget-wrap elementor-element-populated\">\n\t\t\t\t\t\t<div class=\"elementor-element elementor-element-44f238f9 elementor-widget elementor-widget-text-editor\" data-id=\"44f238f9\" data-element_type=\"widget\" data-widget_type=\"text-editor.default\">\n\t\t\t\t<div class=\"elementor-widget-container\">\n\t\t\t\t\t\t\t\t\t<p><strong>HISTORIA<\/strong><b> PARAFII KALISKA<\/b><\/p>\n<p><span style=\"font-weight: 400;\">Kaliska to du\u017ca, zwarta wie\u015b po\u0142o\u017cona w wojew\u00f3dztwie pomorskim, powiecie starogardzkim. Le\u017cy na skraju Bor\u00f3w Tucholskich, 25 km na zach\u00f3d od Starogardu Gda\u0144skiego, po obu stronach linii kolejowej Tczew \u2013 Chojnice.<\/span><\/p>\n<p><span style=\"font-weight: 400;\">W centrum miejscowo\u015bci usytuowany jest ko\u015bci\u00f3\u0142 parafialny, kt\u00f3ry pierwotnie by\u0142 ko\u015bcio\u0142em ewangelickim. W 1910 roku w\u0142a\u015bciciel tartaku August Elstorpff ofiarowa\u0142 grunty pod budow\u0119 obiektu. Prace trwa\u0142y do listopada 1911 roku.<\/span><\/p>\n<p><span style=\"font-weight: 400;\">\u015awi\u0105tynia sta\u0142a si\u0119 ko\u015bcio\u0142em katolickim 9 lipca 1948 roku. Budynek i dzia\u0142k\u0119 przej\u0119\u0142a parafia Piece. 15 maja 1949 roku dziekan dekanatu czerskiego, ks. Franciszek Drost dokona\u0142 pierwszego po\u015bwi\u0119cenia ko\u015bcio\u0142a. 15 wrze\u015bnia 1962 roku Biskup Kazimierz J\u00f3zef Kowalski wydzieli\u0142 z parafii Piece i powo\u0142a\u0142 do \u017cycia Samodzielny O\u015brodek Duszpasterski w Kaliskach, jednocze\u015bnie ustanawiaj\u0105c oddzielnego duszpasterza dla ludno\u015bci, ks. Dominika Pr\u0105dzy\u0144skiego.<\/span><\/p>\n<p><span style=\"font-weight: 400;\">Parafia Kaliska sta\u0142a si\u0119 samodzielnym podmiotem dzi\u0119ki decyzji wydanej 10 lutego 1975 roku przez Biskupa Che\u0142mi\u0144skiego Bernarda Czapli\u0144skiego i przyj\u0119\u0142a wezwanie Matki Bo\u017cej Nieustaj\u0105cej Pomocy. Pierwszym proboszczem zosta\u0142 ks. mgr Dominik Pr\u0105dzy\u0144ski. Dekretem wydanym przez Biskupa Che\u0142mi\u0144skiego Mariana Przykuckiego, 9 lutego 1986 roku proboszczem parafii zosta\u0142 ks. J\u00f3zef S\u0142upski, kt\u00f3ry podj\u0105\u0142 si\u0119 rozbudowy kaliskiej \u015bwi\u0105tyni.<\/span><\/p>\n<p><span style=\"font-weight: 400;\">30 grudnia 1988 roku parafia uzyska\u0142a na w\u0142asno\u015b\u0107 budynek ko\u015bcio\u0142a oraz znajduj\u0105c\u0105 si\u0119 pod nim dzia\u0142k\u0119. 9 lipca 1991 roku gmina Kaliska wyda\u0142a decyzj\u0119 o rozbudowie, a 23 wrze\u015bnia 1991 roku rozpocz\u0119to prace budowlane. 11 listopada 1991 roku zako\u0144czono stawianie fundament\u00f3w. Od czerwca do listopada 1992 roku powsta\u0142y mury z czerwonej ceg\u0142y, po\u0142o\u017cono drewnian\u0105 konstrukcj\u0119 dachu. 25 grudnia 1992 roku odprawiona zosta\u0142a pierwsza pasterka w nowym ko\u015bciele, jeszcze w stanie surowym. Po\u0142\u0105czenie obu ko\u015bcio\u0142\u00f3w w jeden nast\u0105pi\u0142o 25 marca 1993 roku, po rozebraniu \u015bciany frontowej starej \u015bwi\u0105tyni.<\/span><\/p>\n<p><span style=\"font-weight: 400;\">Ko\u015bci\u00f3\u0142 zosta\u0142 po\u015bwi\u0119cony 28 czerwca 1993 roku przez Biskupa diecezjalnego Jana Szlag\u0119. Ksi\u0105dz Biskup w swojej homilii zawar\u0142 sentencj\u0119: <\/span><strong><i>\u201eJeste\u015bmy w ko\u015bciele, kt\u00f3ry dzisiaj zostaje po\u015bwi\u0119cony. W uroczystym akcie oddajecie swoj\u0105 \u015bwi\u0105tyni\u0119, przez siebie zbudowan\u0105, na chwa\u0142\u0119 Bo\u017c\u0105 i sw\u00f3j duchowy po\u017cytek\u201d.<\/i><\/strong><\/p>\n<p><span style=\"font-weight: 400;\">Ko\u015bci\u00f3\u0142 jest murowany, z czerwonej ceg\u0142y fugowanej. Wn\u0119trze ko\u015bcio\u0142a sk\u0142ada si\u0119 z nawy g\u0142\u00f3wnej, dw\u00f3ch naw bocznych, ma\u0142ej kruchty, dw\u00f3ch zakrystii oraz ch\u00f3ru. W prezbiterium znajduje si\u0119 nastawa o\u0142tarzowa, z\u0142o\u017cona z obrazu Matki Bo\u017cej Nieustaj\u0105cej Pomocy oraz tabernakulum. Po bokach obrazu znajduj\u0105 si\u0119 dwie figury rze\u017abione w drewnie: Pan Jezus z Naj\u015bwi\u0119tszym Sercem oraz \u015awi\u0119ty J\u00f3zef.<\/span><\/p>\n<p>Z dniem 20 sierpnia 2022 roku urz\u0105d proboszcza parafii obj\u0105\u0142 ks. dr Krzysztof Ossowski.<\/p>\n<p><span style=\"font-weight: 400;\">Parafia Kaliska nale\u017cy do dekanatu zblewskiego diecezji pelpli\u0144skiej. Posiada r\u00f3wnie\u017c ko\u015bci\u00f3\u0142 filialny pw. \u015bw. J\u00f3zefa Oblubie\u0144ca Naj\u015bwi\u0119tszej Maryi Panny, kt\u00f3ry znajduje si\u0119 w P\u0142ocicznie.<\/span><\/p>\n<p><span style=\"font-weight: 400;\">Przynale\u017cno\u015b\u0107 miejscowo\u015bci do parafii:&nbsp;<\/span><span style=\"font-style: inherit; font-weight: inherit; background-color: var(--ast-global-color-4); color: var(--ast-global-color-3);\">Bartel, Cieciorka, Dunajki, Frank (ul. Bursztynowa, ul. Chabrowa, ul. Lipowa, ul. R\u00f3\u017cana), Kazub, Lipy, Okoniny, Okoninki, P\u0142ociczno, Strych.<\/span><\/p>\n<p><span style=\"font-weight: 400;\">\u0179r\u00f3d\u0142a:<\/span><\/p>\n<ol>\n<li style=\"font-weight: 400;\" aria-level=\"1\"><i><span style=\"font-weight: 400;\">Parafia pw. MBNP w Kaliskach<\/span><\/i><span style=\"font-weight: 400;\">, <\/span> <span style=\"font-weight: 400;\">https:\/\/diecezja-pelplin.pl\/parafie\/parafia-pw-matki-bozej-nieustajacej-pomocy-w-kaliskach\/, <\/span> <span style=\"font-weight: 400;\">[dost\u0119p 13.03.2023r.]<\/span><\/li>\n<li style=\"font-weight: 400;\" aria-level=\"1\"><span style=\"font-weight: 400;\">\u201e<\/span><i><span style=\"font-weight: 400;\">Pielgrzym\u201d<\/span><\/i><span style=\"font-weight: 400;\"> &#8211; pismo katolickie, wydanie z dnia 15 i 22 stycznia 1995r., Pelplin, VI nr 2(133)<\/span><\/li>\n<li style=\"font-weight: 400;\" aria-level=\"1\"><i><span style=\"font-weight: 400;\">Historia i architektura ko\u015bcio\u0142a pw. MBNP w Kaliskach<\/span><\/i><span style=\"font-weight: 400;\">, ks. J. S\u0142upski, Pelplin 2022<\/span><span style=\"font-weight: 400;\"><br><\/span><\/li>\n<\/ol>\n<p><b>PROBOSZCZOWIE PARAFII KALISKA:<\/b><\/p>\n<ol>\n<li style=\"font-weight: 400;\" aria-level=\"1\"><span style=\"font-weight: 400;\">1975 &#8211; 1986 \u2013 ks. mgr Dominik Pr\u0105dzy\u0144ski<\/span><span style=\"font-weight: 400;\"><br><\/span><\/li>\n<li style=\"font-weight: 400;\" aria-level=\"1\"><span style=\"font-weight: 400;\">1986 &#8211; 2022 \u2013 ks. J\u00f3zef S\u0142upski<\/span><span style=\"font-weight: 400;\"><br><\/span><\/li>\n<li style=\"font-weight: 400;\" aria-level=\"1\"><span style=\"font-weight: 400;\">Od 2022 \u2013 ks. dr Krzysztof Ossowski<\/span><br><\/li>\n<\/ol>\t\t\t\t\t\t\t\t<\/div>\n\t\t\t\t<\/div>\n\t\t\t\t\t<\/div>\n\t\t<\/div>\n\t\t\t\t\t<\/div>\n\t\t<\/section>\n\t\t\t\t\t<\/div>\n\t\t<\/div>\n\t\t\t\t\t<\/div>\n\t\t<\/section>\n\t\t\t\t<\/div>\n\t\t","protected":false},"excerpt":{"rendered":"<p>Historia Parafii HISTORIA PARAFII KALISKA Kaliska to du\u017ca, zwarta wie\u015b po\u0142o\u017cona w wojew\u00f3dztwie pomorskim, powiecie starogardzkim. Le\u017cy na skraju Bor\u00f3w Tucholskich, 25 km na zach\u00f3d od Starogardu Gda\u0144skiego, po obu stronach linii kolejowej Tczew \u2013 Chojnice. W centrum miejscowo\u015bci usytuowany jest ko\u015bci\u00f3\u0142 parafialny, kt\u00f3ry pierwotnie by\u0142 ko\u015bcio\u0142em ewangelickim. W 1910 roku w\u0142a\u015bciciel tartaku August Elstorpff &hellip;<\/p>\n<p class=\"read-more\"> <a class=\"\" href=\"https:\/\/parafiakaliska.pl\/index.php\/historia-parafi\/\"> <span class=\"screen-reader-text\">Historia Parafii<\/span> Read More &raquo;<\/a><\/p>\n","protected":false},"author":1,"featured_media":0,"parent":0,"menu_order":0,"comment_status":"closed","ping_status":"closed","template":"","meta":{"_eb_attr":"","site-sidebar-layout":"no-sidebar","site-content-layout":"page-builder","ast-global-header-display":"","ast-main-header-display":"","ast-hfb-above-header-display":"","ast-hfb-below-header-display":"","ast-hfb-mobile-header-display":"","site-post-title":"disabled","ast-breadcrumbs-content":"","ast-featured-img":"disabled","footer-sml-layout":"","theme-transparent-header-meta":"enabled","adv-header-id-meta":"","stick-header-meta":"","header-above-stick-meta":"","header-main-stick-meta":"","header-below-stick-meta":"","footnotes":""},"class_list":["post-874","page","type-page","status-publish","hentry"],"_links":{"self":[{"href":"https:\/\/parafiakaliska.pl\/index.php\/wp-json\/wp\/v2\/pages\/874","targetHints":{"allow":["GET"]}}],"collection":[{"href":"https:\/\/parafiakaliska.pl\/index.php\/wp-json\/wp\/v2\/pages"}],"about":[{"href":"https:\/\/parafiakaliska.pl\/index.php\/wp-json\/wp\/v2\/types\/page"}],"author":[{"embeddable":true,"href":"https:\/\/parafiakaliska.pl\/index.php\/wp-json\/wp\/v2\/users\/1"}],"replies":[{"embeddable":true,"href":"https:\/\/parafiakaliska.pl\/index.php\/wp-json\/wp\/v2\/comments?post=874"}],"version-history":[{"count":87,"href":"https:\/\/parafiakaliska.pl\/index.php\/wp-json\/wp\/v2\/pages\/874\/revisions"}],"predecessor-version":[{"id":4603,"href":"https:\/\/parafiakaliska.pl\/index.php\/wp-json\/wp\/v2\/pages\/874\/revisions\/4603"}],"wp:attachment":[{"href":"https:\/\/parafiakaliska.pl\/index.php\/wp-json\/wp\/v2\/media?parent=874"}],"curies":[{"name":"wp","href":"https:\/\/api.w.org\/{rel}","templated":true}]}}