{"id":6821,"date":"2025-09-13T22:18:31","date_gmt":"2025-09-13T20:18:31","guid":{"rendered":"https:\/\/parafiakaliska.pl\/?page_id=6821"},"modified":"2026-01-07T20:48:23","modified_gmt":"2026-01-07T19:48:23","slug":"zespol-caritas","status":"publish","type":"page","link":"https:\/\/parafiakaliska.pl\/index.php\/grupy-parafialne\/zespol-caritas\/","title":{"rendered":"Parafialny Zesp\u00f3\u0142 &#8222;Caritas&#8221;"},"content":{"rendered":"\t\t<div data-elementor-type=\"wp-page\" data-elementor-id=\"6821\" class=\"elementor elementor-6821\">\n\t\t\t\t\t\t<section class=\"elementor-section elementor-top-section elementor-element elementor-element-02cc874 elementor-section-boxed elementor-section-height-default elementor-section-height-default\" data-id=\"02cc874\" data-element_type=\"section\" data-settings=\"{&quot;background_background&quot;:&quot;classic&quot;}\">\n\t\t\t\t\t\t\t<div class=\"elementor-background-overlay\"><\/div>\n\t\t\t\t\t\t\t<div class=\"elementor-container elementor-column-gap-default\">\n\t\t\t\t\t<div class=\"elementor-column elementor-col-100 elementor-top-column elementor-element elementor-element-bae0f03\" data-id=\"bae0f03\" data-element_type=\"column\">\n\t\t\t<div class=\"elementor-widget-wrap\">\n\t\t\t\t\t\t\t<\/div>\n\t\t<\/div>\n\t\t\t\t\t<\/div>\n\t\t<\/section>\n\t\t\t\t<section class=\"elementor-section elementor-top-section elementor-element elementor-element-e45d09f elementor-section-boxed elementor-section-height-default elementor-section-height-default\" data-id=\"e45d09f\" data-element_type=\"section\">\n\t\t\t\t\t\t<div class=\"elementor-container elementor-column-gap-default\">\n\t\t\t\t\t<div class=\"elementor-column elementor-col-100 elementor-top-column elementor-element elementor-element-768673a\" data-id=\"768673a\" data-element_type=\"column\">\n\t\t\t<div class=\"elementor-widget-wrap elementor-element-populated\">\n\t\t\t\t\t\t<div class=\"elementor-element elementor-element-43c365b elementor-widget-divider--view-line_icon elementor-hidden-mobile elementor-view-default elementor-widget-divider--element-align-center elementor-widget elementor-widget-divider\" data-id=\"43c365b\" data-element_type=\"widget\" data-widget_type=\"divider.default\">\n\t\t\t\t<div class=\"elementor-widget-container\">\n\t\t\t\t\t\t\t<div class=\"elementor-divider\">\n\t\t\t<span class=\"elementor-divider-separator\">\n\t\t\t\t\t\t\t<div class=\"elementor-icon elementor-divider__element\">\n\t\t\t\t\t<i aria-hidden=\"true\" class=\"fas fa-cross\"><\/i><\/div>\n\t\t\t\t\t\t<\/span>\n\t\t<\/div>\n\t\t\t\t\t\t<\/div>\n\t\t\t\t<\/div>\n\t\t\t\t\t<\/div>\n\t\t<\/div>\n\t\t\t\t\t<\/div>\n\t\t<\/section>\n\t\t\t\t<section class=\"elementor-section elementor-top-section elementor-element elementor-element-d141bd5 elementor-section-boxed elementor-section-height-default elementor-section-height-default\" data-id=\"d141bd5\" data-element_type=\"section\">\n\t\t\t\t\t\t<div class=\"elementor-container elementor-column-gap-default\">\n\t\t\t\t\t<div class=\"elementor-column elementor-col-100 elementor-top-column elementor-element elementor-element-0f9bb5b\" data-id=\"0f9bb5b\" data-element_type=\"column\">\n\t\t\t<div class=\"elementor-widget-wrap elementor-element-populated\">\n\t\t\t\t\t\t<div class=\"elementor-element elementor-element-0575856 elementor-widget elementor-widget-heading\" data-id=\"0575856\" data-element_type=\"widget\" data-widget_type=\"heading.default\">\n\t\t\t\t<div class=\"elementor-widget-container\">\n\t\t\t\t\t<h3 class=\"elementor-heading-title elementor-size-default\">PARAFIALNY ZESP\u00d3\u0141 CARITAS<\/h3>\t\t\t\t<\/div>\n\t\t\t\t<\/div>\n\t\t\t\t\t<\/div>\n\t\t<\/div>\n\t\t\t\t\t<\/div>\n\t\t<\/section>\n\t\t\t\t<section class=\"elementor-section elementor-inner-section elementor-element elementor-element-0fb88bd elementor-section-full_width elementor-section-height-default elementor-section-height-default\" data-id=\"0fb88bd\" data-element_type=\"section\">\n\t\t\t\t\t\t<div class=\"elementor-container elementor-column-gap-default\">\n\t\t\t\t\t<div class=\"elementor-column elementor-col-100 elementor-inner-column elementor-element elementor-element-7cfa537\" data-id=\"7cfa537\" data-element_type=\"column\">\n\t\t\t<div class=\"elementor-widget-wrap elementor-element-populated\">\n\t\t\t\t\t\t<div class=\"elementor-element elementor-element-d5a0254 elementor-widget elementor-widget-text-editor\" data-id=\"d5a0254\" data-element_type=\"widget\" data-widget_type=\"text-editor.default\">\n\t\t\t\t<div class=\"elementor-widget-container\">\n\t\t\t\t\t\t\t\t\t<p>Parafialny Zesp\u00f3\u0142 Caritas przy parafii Matki Bo\u017cej Nieustaj\u0105cej Pomocy w Kaliskach zosta\u0142 powo\u0142any na wniosek Ksi\u0119dza Proboszcza Krzysztofa Ossowskiego przez Dyrektora Caritas Diecezji Pelpli\u0144skiej dnia 1 maja 2025 roku.<br \/>Parafialny Zesp\u00f3\u0142 Caritas tworz\u0105 wolontariusze anga\u017cuj\u0105cy si\u0119 w dzia\u0142alno\u015b\u0107 charytatywn\u0105 w parafii, wyp\u0142ywaj\u0105c\u0105 z ewangelicznego przykazania mi\u0142o\u015bci i maj\u0105c\u0105 na uwadze godno\u015b\u0107 ka\u017cdej osoby bez wzgl\u0119du na jej wyznanie, \u015bwiatopogl\u0105d, narodowo\u015b\u0107, ras\u0119 i przekonania.<\/p><p>Cele dzia\u0142ania Parafialnego Zespo\u0142u Caritas:<br \/>&#8211; mobilizacja wsp\u00f3lnoty parafialnej do praktykowania mi\u0142osierdzia poprzez modlitw\u0119, s\u0142owo i czyn,<br \/>&#8211; rozpoznawanie potrzeb i mo\u017cliwo\u015bci pomocy charytatywnej na terenie parafii,<br \/>&#8211; organizowanie i \u015bwiadczenie konkretnej pomocy potrzebuj\u0105cym (chorym, niepe\u0142nosprawnym, osobom w podesz\u0142ym wieku, rodzinom, dzieciom i m\u0142odzie\u017cy, osobom ubogim oraz tym, kt\u00f3rzy maj\u0105 trudno\u015bci),<br \/>&#8211; sprawowanie opieki nad charytatywnymi plac\u00f3wkami ko\u015bcielnymi dzia\u0142aj\u0105cymi na terenie parafii, b\u0105d\u017a te\u017c tworzenie takich plac\u00f3wek,<br \/>&#8211; podejmowanie wsp\u00f3\u0142pracy z osobami dzia\u0142aj\u0105cymi w ramach pa\u0144stwowej opieki spo\u0142ecznej lub z organizacjami spo\u0142ecznymi o charakterze charytatywno-opieku\u0144czym.<\/p>\t\t\t\t\t\t\t\t<\/div>\n\t\t\t\t<\/div>\n\t\t\t\t\t<\/div>\n\t\t<\/div>\n\t\t\t\t\t<\/div>\n\t\t<\/section>\n\t\t\t\t<section class=\"elementor-section elementor-inner-section elementor-element elementor-element-164667b elementor-section-full_width elementor-section-height-default elementor-section-height-default\" data-id=\"164667b\" data-element_type=\"section\">\n\t\t\t\t\t\t<div class=\"elementor-container elementor-column-gap-default\">\n\t\t\t\t\t<div class=\"elementor-column elementor-col-100 elementor-inner-column elementor-element elementor-element-08ba82a\" data-id=\"08ba82a\" data-element_type=\"column\">\n\t\t\t<div class=\"elementor-widget-wrap elementor-element-populated\">\n\t\t\t\t\t\t<div class=\"elementor-element elementor-element-59772e8 elementor-widget elementor-widget-text-editor\" data-id=\"59772e8\" data-element_type=\"widget\" data-widget_type=\"text-editor.default\">\n\t\t\t\t<div class=\"elementor-widget-container\">\n\t\t\t\t\t\t\t\t\t<p><strong style=\"font-style: inherit;\">Wszystkich, kt\u00f3rzy chcieliby wesprze\u0107 finansowo dzia\u0142ania PZC, prosimy o przekazanie \u015brodk\u00f3w na rachunek bankowy:<\/strong><\/p><p><strong>Parafialny Zesp\u00f3\u0142 Caritas przy parafii Matki Bo\u017cej Nieustaj\u0105cej Pomocy w Kaliskach<\/strong><br \/><strong>ul. D\u0142uga 25, 83-260 Kaliska<\/strong><br \/><strong>konto: BS Sk\u00f3rcz O\/Zblewo, nr 70 8342 0009 2012 4200 0255 0001<\/strong><br \/><strong>Kontakt z PZC mo\u017cliwy jest w czasie funkcjonowania biura parafialnego lub pod numerem telefonu 668 220 251.<\/strong><\/p>\t\t\t\t\t\t\t\t<\/div>\n\t\t\t\t<\/div>\n\t\t\t\t\t<\/div>\n\t\t<\/div>\n\t\t\t\t\t<\/div>\n\t\t<\/section>\n\t\t\t\t<\/div>\n\t\t","protected":false},"excerpt":{"rendered":"<p>PARAFIALNY ZESP\u00d3\u0141 CARITAS Parafialny Zesp\u00f3\u0142 Caritas przy parafii Matki Bo\u017cej Nieustaj\u0105cej Pomocy w Kaliskach zosta\u0142 powo\u0142any na wniosek Ksi\u0119dza Proboszcza Krzysztofa Ossowskiego przez Dyrektora Caritas Diecezji Pelpli\u0144skiej dnia 1 maja 2025 roku.Parafialny Zesp\u00f3\u0142 Caritas tworz\u0105 wolontariusze anga\u017cuj\u0105cy si\u0119 w dzia\u0142alno\u015b\u0107 charytatywn\u0105 w parafii, wyp\u0142ywaj\u0105c\u0105 z ewangelicznego przykazania mi\u0142o\u015bci i maj\u0105c\u0105 na uwadze godno\u015b\u0107 ka\u017cdej osoby &hellip;<\/p>\n<p class=\"read-more\"> <a class=\"\" href=\"https:\/\/parafiakaliska.pl\/index.php\/grupy-parafialne\/zespol-caritas\/\"> <span class=\"screen-reader-text\">Parafialny Zesp\u00f3\u0142 &#8222;Caritas&#8221;<\/span> Read More &raquo;<\/a><\/p>\n","protected":false},"author":3,"featured_media":0,"parent":1139,"menu_order":0,"comment_status":"closed","ping_status":"closed","template":"","meta":{"_eb_attr":"","site-sidebar-layout":"no-sidebar","site-content-layout":"page-builder","ast-global-header-display":"","ast-main-header-display":"","ast-hfb-above-header-display":"","ast-hfb-below-header-display":"","ast-hfb-mobile-header-display":"","site-post-title":"disabled","ast-breadcrumbs-content":"","ast-featured-img":"disabled","footer-sml-layout":"","theme-transparent-header-meta":"","adv-header-id-meta":"","stick-header-meta":"","header-above-stick-meta":"","header-main-stick-meta":"","header-below-stick-meta":"","footnotes":""},"class_list":["post-6821","page","type-page","status-publish","hentry"],"_links":{"self":[{"href":"https:\/\/parafiakaliska.pl\/index.php\/wp-json\/wp\/v2\/pages\/6821","targetHints":{"allow":["GET"]}}],"collection":[{"href":"https:\/\/parafiakaliska.pl\/index.php\/wp-json\/wp\/v2\/pages"}],"about":[{"href":"https:\/\/parafiakaliska.pl\/index.php\/wp-json\/wp\/v2\/types\/page"}],"author":[{"embeddable":true,"href":"https:\/\/parafiakaliska.pl\/index.php\/wp-json\/wp\/v2\/users\/3"}],"replies":[{"embeddable":true,"href":"https:\/\/parafiakaliska.pl\/index.php\/wp-json\/wp\/v2\/comments?post=6821"}],"version-history":[{"count":58,"href":"https:\/\/parafiakaliska.pl\/index.php\/wp-json\/wp\/v2\/pages\/6821\/revisions"}],"predecessor-version":[{"id":7347,"href":"https:\/\/parafiakaliska.pl\/index.php\/wp-json\/wp\/v2\/pages\/6821\/revisions\/7347"}],"up":[{"embeddable":true,"href":"https:\/\/parafiakaliska.pl\/index.php\/wp-json\/wp\/v2\/pages\/1139"}],"wp:attachment":[{"href":"https:\/\/parafiakaliska.pl\/index.php\/wp-json\/wp\/v2\/media?parent=6821"}],"curies":[{"name":"wp","href":"https:\/\/api.w.org\/{rel}","templated":true}]}}