{"id":1149,"date":"2023-03-15T22:25:40","date_gmt":"2023-03-15T21:25:40","guid":{"rendered":"http:\/\/wordpress2386094.home.pl\/parafiakaliska\/?page_id=1149"},"modified":"2023-03-29T23:42:05","modified_gmt":"2023-03-29T21:42:05","slug":"odnowa-w-duchu-swietym","status":"publish","type":"page","link":"https:\/\/parafiakaliska.pl\/index.php\/odnowa-w-duchu-swietym\/","title":{"rendered":"Odnowa w Duchu \u015awi\u0119tym"},"content":{"rendered":"\t\t<div data-elementor-type=\"wp-post\" data-elementor-id=\"1149\" class=\"elementor elementor-1149\">\n\t\t\t\t\t\t<section class=\"elementor-section elementor-top-section elementor-element elementor-element-7ac9ca5 elementor-section-boxed elementor-section-height-default elementor-section-height-default\" data-id=\"7ac9ca5\" data-element_type=\"section\" data-settings=\"{&quot;background_background&quot;:&quot;classic&quot;}\">\n\t\t\t\t\t\t\t<div class=\"elementor-background-overlay\"><\/div>\n\t\t\t\t\t\t\t<div class=\"elementor-container elementor-column-gap-default\">\n\t\t\t\t\t<div class=\"elementor-column elementor-col-100 elementor-top-column elementor-element elementor-element-13e7be0\" data-id=\"13e7be0\" data-element_type=\"column\">\n\t\t\t<div class=\"elementor-widget-wrap\">\n\t\t\t\t\t\t\t<\/div>\n\t\t<\/div>\n\t\t\t\t\t<\/div>\n\t\t<\/section>\n\t\t\t\t<section class=\"elementor-section elementor-top-section elementor-element elementor-element-323cd781 elementor-section-boxed elementor-section-height-default elementor-section-height-default\" data-id=\"323cd781\" data-element_type=\"section\">\n\t\t\t\t\t\t<div class=\"elementor-container elementor-column-gap-default\">\n\t\t\t\t\t<div class=\"elementor-column elementor-col-100 elementor-top-column elementor-element elementor-element-7f6c4049\" data-id=\"7f6c4049\" data-element_type=\"column\">\n\t\t\t<div class=\"elementor-widget-wrap elementor-element-populated\">\n\t\t\t\t\t\t<div class=\"elementor-element elementor-element-723eecee elementor-widget-divider--view-line_icon elementor-hidden-mobile elementor-view-default elementor-widget-divider--element-align-center elementor-widget elementor-widget-divider\" data-id=\"723eecee\" data-element_type=\"widget\" data-widget_type=\"divider.default\">\n\t\t\t\t<div class=\"elementor-widget-container\">\n\t\t\t\t\t\t\t<div class=\"elementor-divider\">\n\t\t\t<span class=\"elementor-divider-separator\">\n\t\t\t\t\t\t\t<div class=\"elementor-icon elementor-divider__element\">\n\t\t\t\t\t<i aria-hidden=\"true\" class=\"fas fa-cross\"><\/i><\/div>\n\t\t\t\t\t\t<\/span>\n\t\t<\/div>\n\t\t\t\t\t\t<\/div>\n\t\t\t\t<\/div>\n\t\t\t\t\t<\/div>\n\t\t<\/div>\n\t\t\t\t\t<\/div>\n\t\t<\/section>\n\t\t\t\t<section class=\"elementor-section elementor-top-section elementor-element elementor-element-4147a497 elementor-section-boxed elementor-section-height-default elementor-section-height-default\" data-id=\"4147a497\" data-element_type=\"section\" id=\"xs_cta_style_16\">\n\t\t\t\t\t\t<div class=\"elementor-container elementor-column-gap-default\">\n\t\t\t\t\t<div class=\"elementor-column elementor-col-100 elementor-top-column elementor-element elementor-element-54fb6f9a\" data-id=\"54fb6f9a\" data-element_type=\"column\">\n\t\t\t<div class=\"elementor-widget-wrap elementor-element-populated\">\n\t\t\t\t\t\t<div class=\"elementor-element elementor-element-69c1e7c5 elementor-widget elementor-widget-heading\" data-id=\"69c1e7c5\" data-element_type=\"widget\" data-widget_type=\"heading.default\">\n\t\t\t\t<div class=\"elementor-widget-container\">\n\t\t\t\t\t<h3 class=\"elementor-heading-title elementor-size-default\">Odnowa w Duchu \u015awi\u0119tym<\/h3>\t\t\t\t<\/div>\n\t\t\t\t<\/div>\n\t\t\t\t<section class=\"elementor-section elementor-inner-section elementor-element elementor-element-5e09ee29 elementor-section-full_width elementor-section-height-default elementor-section-height-default\" data-id=\"5e09ee29\" data-element_type=\"section\">\n\t\t\t\t\t\t<div class=\"elementor-container elementor-column-gap-default\">\n\t\t\t\t\t<div class=\"elementor-column elementor-col-100 elementor-inner-column elementor-element elementor-element-5c64963f\" data-id=\"5c64963f\" data-element_type=\"column\">\n\t\t\t<div class=\"elementor-widget-wrap elementor-element-populated\">\n\t\t\t\t\t\t<div class=\"elementor-element elementor-element-7a23b5e0 elementor-widget elementor-widget-text-editor\" data-id=\"7a23b5e0\" data-element_type=\"widget\" data-widget_type=\"text-editor.default\">\n\t\t\t\t<div class=\"elementor-widget-container\">\n\t\t\t\t\t\t\t\t\t<p><span style=\"font-weight: 400;\">Grupa \u201cOdnowy w Duchu \u015awi\u0119tym\u201d ma na celu poznanie woli Bo\u017cej wobec ka\u017cdego z nas i ca\u0142ej grupy, aby odnale\u017a\u0107 zadania, jakie B\u00f3g powierzy\u0142 nam w rodzinie, w spo\u0142ecze\u0144stwie i w Ko\u015bciele.\u00a0<\/span><\/p><p><span style=\"font-weight: 400;\">Wyprasza Dary Ducha \u015awi\u0119tego potrzebne do wype\u0142nienia tych zada\u0144. Modli si\u0119 o rozwi\u0105zanie przez Boga r\u00f3\u017cnych, trudnych sytuacji ludzkich. Za szczeg\u00f3ln\u0105 patronk\u0119 obj\u0119\u0142a sobie Naj\u015bwi\u0119tsz\u0105 Maryj\u0119 Pann\u0119 Niepokalanie Pocz\u0119t\u0105.<\/span><\/p><p><span style=\"font-weight: 400;\">Do grupy mo\u017cna przyst\u0105pi\u0107 przez prze\u017cycie Seminarium, kt\u00f3re pozwala odnowi\u0107 relacj\u0119 z Bogiem. Z powodu braku sali spotka\u0144 przy parafii, spotykamy si\u0119 na modlitwie w naszych domach.<\/span><\/p><p><b>Kontakt telefoniczny dla zainteresowanych: 506-337-362.<\/b><\/p>\t\t\t\t\t\t\t\t<\/div>\n\t\t\t\t<\/div>\n\t\t\t\t\t<\/div>\n\t\t<\/div>\n\t\t\t\t\t<\/div>\n\t\t<\/section>\n\t\t\t\t\t<\/div>\n\t\t<\/div>\n\t\t\t\t\t<\/div>\n\t\t<\/section>\n\t\t\t\t<\/div>\n\t\t","protected":false},"excerpt":{"rendered":"<p>Odnowa w Duchu \u015awi\u0119tym Grupa \u201cOdnowy w Duchu \u015awi\u0119tym\u201d ma na celu poznanie woli Bo\u017cej wobec ka\u017cdego z nas i ca\u0142ej grupy, aby odnale\u017a\u0107 zadania, jakie B\u00f3g powierzy\u0142 nam w rodzinie, w spo\u0142ecze\u0144stwie i w Ko\u015bciele.\u00a0 Wyprasza Dary Ducha \u015awi\u0119tego potrzebne do wype\u0142nienia tych zada\u0144. Modli si\u0119 o rozwi\u0105zanie przez Boga r\u00f3\u017cnych, trudnych sytuacji ludzkich. &hellip;<\/p>\n<p class=\"read-more\"> <a class=\"\" href=\"https:\/\/parafiakaliska.pl\/index.php\/odnowa-w-duchu-swietym\/\"> <span class=\"screen-reader-text\">Odnowa w Duchu \u015awi\u0119tym<\/span> Read More &raquo;<\/a><\/p>\n","protected":false},"author":1,"featured_media":0,"parent":0,"menu_order":0,"comment_status":"closed","ping_status":"closed","template":"","meta":{"_eb_attr":"","site-sidebar-layout":"no-sidebar","site-content-layout":"page-builder","ast-global-header-display":"","ast-main-header-display":"","ast-hfb-above-header-display":"","ast-hfb-below-header-display":"","ast-hfb-mobile-header-display":"","site-post-title":"disabled","ast-breadcrumbs-content":"","ast-featured-img":"disabled","footer-sml-layout":"","theme-transparent-header-meta":"enabled","adv-header-id-meta":"","stick-header-meta":"","header-above-stick-meta":"","header-main-stick-meta":"","header-below-stick-meta":"","footnotes":""},"class_list":["post-1149","page","type-page","status-publish","hentry"],"_links":{"self":[{"href":"https:\/\/parafiakaliska.pl\/index.php\/wp-json\/wp\/v2\/pages\/1149","targetHints":{"allow":["GET"]}}],"collection":[{"href":"https:\/\/parafiakaliska.pl\/index.php\/wp-json\/wp\/v2\/pages"}],"about":[{"href":"https:\/\/parafiakaliska.pl\/index.php\/wp-json\/wp\/v2\/types\/page"}],"author":[{"embeddable":true,"href":"https:\/\/parafiakaliska.pl\/index.php\/wp-json\/wp\/v2\/users\/1"}],"replies":[{"embeddable":true,"href":"https:\/\/parafiakaliska.pl\/index.php\/wp-json\/wp\/v2\/comments?post=1149"}],"version-history":[{"count":28,"href":"https:\/\/parafiakaliska.pl\/index.php\/wp-json\/wp\/v2\/pages\/1149\/revisions"}],"predecessor-version":[{"id":3498,"href":"https:\/\/parafiakaliska.pl\/index.php\/wp-json\/wp\/v2\/pages\/1149\/revisions\/3498"}],"wp:attachment":[{"href":"https:\/\/parafiakaliska.pl\/index.php\/wp-json\/wp\/v2\/media?parent=1149"}],"curies":[{"name":"wp","href":"https:\/\/api.w.org\/{rel}","templated":true}]}}