{"id":1092,"date":"2023-03-15T21:55:58","date_gmt":"2023-03-15T20:55:58","guid":{"rendered":"http:\/\/wordpress2386094.home.pl\/parafiakaliska\/?page_id=1092"},"modified":"2026-05-11T07:38:33","modified_gmt":"2026-05-11T05:38:33","slug":"intencje-mszalne","status":"publish","type":"page","link":"https:\/\/parafiakaliska.pl\/index.php\/intencje-mszalne\/","title":{"rendered":"Intencje mszalne"},"content":{"rendered":"\t\t<div data-elementor-type=\"wp-post\" data-elementor-id=\"1092\" class=\"elementor elementor-1092\">\n\t\t\t\t\t\t<section class=\"elementor-section elementor-top-section elementor-element elementor-element-7ac9ca5 elementor-section-boxed elementor-section-height-default elementor-section-height-default\" data-id=\"7ac9ca5\" data-element_type=\"section\" data-settings=\"{&quot;background_background&quot;:&quot;classic&quot;}\">\n\t\t\t\t\t\t\t<div class=\"elementor-background-overlay\"><\/div>\n\t\t\t\t\t\t\t<div class=\"elementor-container elementor-column-gap-default\">\n\t\t\t\t\t<div class=\"elementor-column elementor-col-100 elementor-top-column elementor-element elementor-element-90988fe\" data-id=\"90988fe\" data-element_type=\"column\">\n\t\t\t<div class=\"elementor-widget-wrap\">\n\t\t\t\t\t\t\t<\/div>\n\t\t<\/div>\n\t\t\t\t\t<\/div>\n\t\t<\/section>\n\t\t\t\t<section class=\"elementor-section elementor-top-section elementor-element elementor-element-385de040 elementor-section-boxed elementor-section-height-default elementor-section-height-default\" data-id=\"385de040\" data-element_type=\"section\">\n\t\t\t\t\t\t<div class=\"elementor-container elementor-column-gap-default\">\n\t\t\t\t\t<div class=\"elementor-column elementor-col-100 elementor-top-column elementor-element elementor-element-6f58c650\" data-id=\"6f58c650\" data-element_type=\"column\">\n\t\t\t<div class=\"elementor-widget-wrap elementor-element-populated\">\n\t\t\t\t\t\t<div class=\"elementor-element elementor-element-65b94d16 elementor-widget-divider--view-line_icon elementor-hidden-mobile elementor-view-default elementor-widget-divider--element-align-center elementor-widget elementor-widget-divider\" data-id=\"65b94d16\" data-element_type=\"widget\" data-widget_type=\"divider.default\">\n\t\t\t\t<div class=\"elementor-widget-container\">\n\t\t\t\t\t\t\t<div class=\"elementor-divider\">\n\t\t\t<span class=\"elementor-divider-separator\">\n\t\t\t\t\t\t\t<div class=\"elementor-icon elementor-divider__element\">\n\t\t\t\t\t<i aria-hidden=\"true\" class=\"fas fa-cross\"><\/i><\/div>\n\t\t\t\t\t\t<\/span>\n\t\t<\/div>\n\t\t\t\t\t\t<\/div>\n\t\t\t\t<\/div>\n\t\t\t\t\t<\/div>\n\t\t<\/div>\n\t\t\t\t\t<\/div>\n\t\t<\/section>\n\t\t\t\t<section class=\"elementor-section elementor-top-section elementor-element elementor-element-4833919a elementor-section-boxed elementor-section-height-default elementor-section-height-default\" data-id=\"4833919a\" data-element_type=\"section\" id=\"xs_cta_style_16\">\n\t\t\t\t\t\t<div class=\"elementor-container elementor-column-gap-default\">\n\t\t\t\t\t<div class=\"elementor-column elementor-col-100 elementor-top-column elementor-element elementor-element-690783eb\" data-id=\"690783eb\" data-element_type=\"column\">\n\t\t\t<div class=\"elementor-widget-wrap elementor-element-populated\">\n\t\t\t\t\t\t<div class=\"elementor-element elementor-element-3da7ad47 elementor-widget elementor-widget-heading\" data-id=\"3da7ad47\" data-element_type=\"widget\" data-widget_type=\"heading.default\">\n\t\t\t\t<div class=\"elementor-widget-container\">\n\t\t\t\t\t<h3 class=\"elementor-heading-title elementor-size-default\">Intencje mszalne<\/h3>\t\t\t\t<\/div>\n\t\t\t\t<\/div>\n\t\t\t\t<section class=\"elementor-section elementor-inner-section elementor-element elementor-element-2de55d3f elementor-section-full_width elementor-section-height-default elementor-section-height-default\" data-id=\"2de55d3f\" data-element_type=\"section\">\n\t\t\t\t\t\t<div class=\"elementor-container elementor-column-gap-default\">\n\t\t\t\t\t<div class=\"elementor-column elementor-col-100 elementor-inner-column elementor-element elementor-element-701855a0\" data-id=\"701855a0\" data-element_type=\"column\">\n\t\t\t<div class=\"elementor-widget-wrap elementor-element-populated\">\n\t\t\t\t\t\t<div class=\"elementor-element elementor-element-4fb171c elementor-widget elementor-widget-text-editor\" data-id=\"4fb171c\" data-element_type=\"widget\" data-widget_type=\"text-editor.default\">\n\t\t\t\t<div class=\"elementor-widget-container\">\n\t\t\t\t\t\t\t\t\t<p><strong>Intencje mszalne 11.05.2026-17.05.2026 \u2013 Kaliska<\/strong><\/p><p><strong>11 maja \u2013 poniedzia\u0142ek<\/strong>\u00a0<\/p><p>17:00 ++ Zofia i Henryk Polakowscy o dar nieba<\/p><p><strong>12 maja \u2013 wtorek\u00a0<\/strong><\/p><p>17:00 ++ ojciec Stanis\u0142aw Wyrzykowski (47 rocznica \u015bmierci), matka Regina oraz rodzice Jadwiga i Walenty Dera\u00a0<\/p><p><strong>13 maja \u2013 \u015broda\u00a0<\/strong><\/p><p>17:00 W pewnej intencji<\/p><p><strong>14 maja \u2013 czwartek<\/strong><\/p><p>17:00 ++ brat Adam (w dzie\u0144 urodzin), rodzice Melania i Boles\u0142aw, Janina i Herbert Mielke, Lech, Mirek, Rafa\u0142, Czes\u0142aw, Danuta<\/p><p><strong>15 maja \u2013 pi\u0105tek<\/strong><\/p><p>17:00 ++ m\u0105\u017c Wies\u0142aw (2 rocznica \u015bmierci), rodzice Jadwiga i Zygmunt, szwagier Jerzy, Helena i Jan, z rodziny Gnutek<\/p><p><strong>16 maja \u2013 sobota\u00a0<\/strong><\/p><p>17:00 ++ brat Zdzis\u0142aw, rodzice Regina i Zygmunt Dziemi\u0144scy, dziadkowie z obojga stron, wujek Leon, dusze pokrewne<\/p><p><strong>17 maja \u2013 niedziela\u00a0<\/strong><\/p><p>8:30 + Miros\u0142aw Kutela (2 rocznica \u015bmierci i rocznica urodzin)<\/p><p>10:30 ++ rodzice i rodze\u0144stwo z obojga stron Brzozowskich i Engler<\/p><p>12:00 (P\u0142ociczno) + Edward Osiak<\/p>\t\t\t\t\t\t\t\t<\/div>\n\t\t\t\t<\/div>\n\t\t\t\t\t<\/div>\n\t\t<\/div>\n\t\t\t\t\t<\/div>\n\t\t<\/section>\n\t\t\t\t\t<\/div>\n\t\t<\/div>\n\t\t\t\t\t<\/div>\n\t\t<\/section>\n\t\t\t\t<\/div>\n\t\t","protected":false},"excerpt":{"rendered":"<p>Intencje mszalne Intencje mszalne 11.05.2026-17.05.2026 \u2013 Kaliska 11 maja \u2013 poniedzia\u0142ek\u00a0 17:00 ++ Zofia i Henryk Polakowscy o dar nieba 12 maja \u2013 wtorek\u00a0 17:00 ++ ojciec Stanis\u0142aw Wyrzykowski (47 rocznica \u015bmierci), matka Regina oraz rodzice Jadwiga i Walenty Dera\u00a0 13 maja \u2013 \u015broda\u00a0 17:00 W pewnej intencji 14 maja \u2013 czwartek 17:00 ++ brat &hellip;<\/p>\n<p class=\"read-more\"> <a class=\"\" href=\"https:\/\/parafiakaliska.pl\/index.php\/intencje-mszalne\/\"> <span class=\"screen-reader-text\">Intencje mszalne<\/span> Read More &raquo;<\/a><\/p>\n","protected":false},"author":1,"featured_media":0,"parent":0,"menu_order":0,"comment_status":"closed","ping_status":"closed","template":"","meta":{"_eb_attr":"","site-sidebar-layout":"no-sidebar","site-content-layout":"page-builder","ast-global-header-display":"","ast-main-header-display":"","ast-hfb-above-header-display":"","ast-hfb-below-header-display":"","ast-hfb-mobile-header-display":"","site-post-title":"disabled","ast-breadcrumbs-content":"","ast-featured-img":"disabled","footer-sml-layout":"","theme-transparent-header-meta":"enabled","adv-header-id-meta":"","stick-header-meta":"","header-above-stick-meta":"","header-main-stick-meta":"","header-below-stick-meta":"","footnotes":""},"class_list":["post-1092","page","type-page","status-publish","hentry"],"_links":{"self":[{"href":"https:\/\/parafiakaliska.pl\/index.php\/wp-json\/wp\/v2\/pages\/1092","targetHints":{"allow":["GET"]}}],"collection":[{"href":"https:\/\/parafiakaliska.pl\/index.php\/wp-json\/wp\/v2\/pages"}],"about":[{"href":"https:\/\/parafiakaliska.pl\/index.php\/wp-json\/wp\/v2\/types\/page"}],"author":[{"embeddable":true,"href":"https:\/\/parafiakaliska.pl\/index.php\/wp-json\/wp\/v2\/users\/1"}],"replies":[{"embeddable":true,"href":"https:\/\/parafiakaliska.pl\/index.php\/wp-json\/wp\/v2\/comments?post=1092"}],"version-history":[{"count":682,"href":"https:\/\/parafiakaliska.pl\/index.php\/wp-json\/wp\/v2\/pages\/1092\/revisions"}],"predecessor-version":[{"id":8068,"href":"https:\/\/parafiakaliska.pl\/index.php\/wp-json\/wp\/v2\/pages\/1092\/revisions\/8068"}],"wp:attachment":[{"href":"https:\/\/parafiakaliska.pl\/index.php\/wp-json\/wp\/v2\/media?parent=1092"}],"curies":[{"name":"wp","href":"https:\/\/api.w.org\/{rel}","templated":true}]}}